{"id":167,"date":"2021-02-18T11:07:00","date_gmt":"2021-02-18T11:07:00","guid":{"rendered":"https:\/\/escanturizm.com\/?page_id=167"},"modified":"2021-02-18T11:07:00","modified_gmt":"2021-02-18T11:07:00","slug":"iletisim-formu-acil-riza-metni","status":"publish","type":"page","link":"https:\/\/escanturizm.com\/index.php\/iletisim-formu-acil-riza-metni\/","title":{"rendered":"\u0130LET\u0130\u015e\u0130M FORMU A\u00c7IK RIZA METN\u0130"},"content":{"rendered":"<p style=\"text-align: center;\"><strong>ES CAN TA\u015eIMACILIK OTO K\u0130RALAMA \u0130N\u015eAAT VE GIDA SANAY\u0130 T\u0130CARET L\u0130M\u0130TED \u015e\u0130RKET\u0130<\/strong><\/p>\n<p style=\"text-align: center;\"><strong>\u0130NTERNET S\u0130TES\u0130 \u0130LET\u0130\u015e\u0130M FORMU A\u00c7IK RIZA METN\u0130 <\/strong><\/p>\n<p><strong>\u00a0<\/strong><\/p>\n<p><strong>\u00a0\u00a0\u00a0\u00a0\u00a0\u00a0\u00a0\u00a0\u00a0\u00a0\u00a0 <\/strong>ES CAN Ta\u015f\u0131mac\u0131l\u0131k Oto Kiralama \u0130n\u015faat ve G\u0131da Sanayi Ticaret Limited \u015eirketi \u00a0(\u201c<strong>\u015eirket<\/strong>\u201d) internet sitesi \u00fczerinden ileti\u015fim formunu doldurman\u0131z nedeni ile taraf\u0131m\u0131zla payla\u015ft\u0131\u011f\u0131n\u0131z ki\u015fisel verileriniz Ki\u015fisel Verilerin Korunmas\u0131 ve \u0130\u015flenmesi Politikam\u0131z kapsam\u0131nda a\u015fa\u011f\u0131da belirtilen ama\u00e7larla i\u015flenebilmektedir.<\/p>\n<p>Payla\u015fm\u0131\u015f oldu\u011funuz ad, soy ad, elektronik posta adresi ve metin i\u00e7erisinde sa\u011flad\u0131\u011f\u0131n\u0131z ki\u015fisel veri bilgisi verilerinizin elektronik ortamda al\u0131nmas\u0131 ve bu kapsamda sizinle ileti\u015fime ge\u00e7ilmesi, taleplerinizin kar\u015f\u0131lanmas\u0131, ayr\u0131ca \u015eirketimizin ve \u015eirketimizle i\u015f ili\u015fkisi i\u00e7erisinde olan 3.\u00a0 ki\u015filer ile hukuki ve ticari y\u00fck\u00fcml\u00fcl\u00fcklerin ger\u00e7ekle\u015ftirilmesinin temini, \u015eirketimizin ticari ve i\u015f stratejilerinin belirlenmesi ve uygulanmas\u0131 ile \u015eirketimizin uygulad\u0131\u011f\u0131 i\u015fe al\u0131m ilkelerinin geli\u015ftirilmesi ve iyile\u015ftirilmesi, saklama ve ar\u015fiv faaliyetlerinin y\u00fcr\u00fct\u00fclmesi amac\u0131 ile i\u015flenmesine, taraf\u0131n\u0131zla ileti\u015fime ge\u00e7ilmesi i\u00e7in payla\u015f\u0131m\u0131n gerekli oldu\u011fu di\u011fer yurt i\u00e7i ki\u015fi ve kurulu\u015flara aktar\u0131lmas\u0131na, a\u00e7\u0131k r\u0131za verdi\u011finizi kabul ve beyan edersiniz.<\/p>\n<p>Bu ki\u015fisel veriler Kanunun 5. maddesinde belirtilen ilgili ki\u015finin temel hak ve \u00f6zg\u00fcrl\u00fcklerine zarar vermemek kayd\u0131yla veri sorumlusunun me\u015fru menfaati i\u00e7in zorunlu olmas\u0131 hukuki sebebine ba\u011fl\u0131 olarak otomatik olarak i\u015flenebilmekte olup sadece hukuki uyu\u015fmazl\u0131klarda talep durumunda ilgili yarg\u0131 merciileri ile payla\u015f\u0131lacakt\u0131r. Kanunun ilgili ki\u015finin haklar\u0131n\u0131 d\u00fczenleyen 11. maddesi kapsam\u0131ndaki taleplerinizi, Veri Sorumlusuna Ba\u015fvuru Usul ve Esaslar\u0131 Hakk\u0131nda Tebli\u011fine g\u00f6re \u015eirket\u2019e iletebilirsiniz.<\/p>\n<p>&nbsp;<\/p>\n","protected":false},"excerpt":{"rendered":"<p>ES CAN TA\u015eIMACILIK OTO K\u0130RALAMA \u0130N\u015eAAT VE GIDA SANAY\u0130 T\u0130CARET L\u0130M\u0130TED \u015e\u0130RKET\u0130 \u0130NTERNET S\u0130TES\u0130 \u0130LET\u0130\u015e\u0130M FORMU A\u00c7IK RIZA METN\u0130 \u00a0 \u00a0\u00a0\u00a0\u00a0\u00a0\u00a0\u00a0\u00a0\u00a0\u00a0\u00a0 ES CAN Ta\u015f\u0131mac\u0131l\u0131k Oto Kiralama<span class=\"excerpt-hellip\"> [\u2026]<\/span><\/p>\n","protected":false},"author":1,"featured_media":0,"parent":0,"menu_order":0,"comment_status":"closed","ping_status":"open","template":"","meta":[],"_links":{"self":[{"href":"https:\/\/escanturizm.com\/index.php\/wp-json\/wp\/v2\/pages\/167"}],"collection":[{"href":"https:\/\/escanturizm.com\/index.php\/wp-json\/wp\/v2\/pages"}],"about":[{"href":"https:\/\/escanturizm.com\/index.php\/wp-json\/wp\/v2\/types\/page"}],"author":[{"embeddable":true,"href":"https:\/\/escanturizm.com\/index.php\/wp-json\/wp\/v2\/users\/1"}],"replies":[{"embeddable":true,"href":"https:\/\/escanturizm.com\/index.php\/wp-json\/wp\/v2\/comments?post=167"}],"version-history":[{"count":1,"href":"https:\/\/escanturizm.com\/index.php\/wp-json\/wp\/v2\/pages\/167\/revisions"}],"predecessor-version":[{"id":168,"href":"https:\/\/escanturizm.com\/index.php\/wp-json\/wp\/v2\/pages\/167\/revisions\/168"}],"wp:attachment":[{"href":"https:\/\/escanturizm.com\/index.php\/wp-json\/wp\/v2\/media?parent=167"}],"curies":[{"name":"wp","href":"https:\/\/api.w.org\/{rel}","templated":true}]}}