{"id":169,"date":"2021-02-18T11:11:38","date_gmt":"2021-02-18T11:11:38","guid":{"rendered":"https:\/\/escanturizm.com\/?page_id=169"},"modified":"2021-02-18T11:11:38","modified_gmt":"2021-02-18T11:11:38","slug":"basvuru-formu","status":"publish","type":"page","link":"https:\/\/escanturizm.com\/index.php\/basvuru-formu\/","title":{"rendered":"BA\u015eVURU FORMU"},"content":{"rendered":"<p><strong>\u00a0<\/strong><\/p>\n<p style=\"text-align: center;\"><strong>ES CAN TA\u015eIMACILIK OTO K\u0130RALAMA \u0130N\u015eAAT VE GIDA SANAY\u0130 T\u0130CARET L\u0130M\u0130TED \u015e\u0130RKET\u0130 \u0130LG\u0130L\u0130 K\u0130\u015e\u0130 BA\u015eVURU FORMU<\/strong><\/p>\n<ol>\n<li><strong>Ba\u015fvuru Y\u00f6ntemi<\/strong><\/li>\n<\/ol>\n<p>6698 say\u0131l\u0131 Ki\u015fisel Verilerin Korunmas\u0131 Kanunu\u2019nun (\u201c<strong>Kanun<\/strong>\u201d) 11. Maddesinde say\u0131lan haklar\u0131n\u0131z kapsam\u0131ndaki taleplerinizi, Kanun\u2019un 13. maddesi ile Veri Sorumlusuna Ba\u015fvuru Usul ve Esaslar\u0131 Hakk\u0131nda Tebli\u011f\u2019in 5. maddesi gere\u011fince, <u>i\u015fbu form ile<\/u> a\u015fa\u011f\u0131da a\u00e7\u0131klanan y\u00f6ntemlerden biriyle ba\u015fvurunuzu Veri sorumlusu ES CAN TA\u015eIMACILIK OTO K\u0130RALAMA \u0130N\u015eAAT VE GIDA SANAY\u0130 L\u0130M\u0130TED \u015e\u0130RKET\u0130\u2019ne (\u201c<strong>\u015eirket<\/strong>\u201d) iletebilirsiniz.<\/p>\n<p>&nbsp;<\/p>\n<table width=\"0\">\n<tbody>\n<tr>\n<td width=\"132\">&nbsp;<\/td>\n<td width=\"142\"><strong>\u00a0<\/strong><\/p>\n<p><strong>BA\u015eVURU Y\u00d6NTEM\u0130<\/strong><\/td>\n<td width=\"250\"><strong>\u00a0<\/strong><\/p>\n<p><strong>BA\u015eVURU YAPILACAK ADRES<\/strong><\/td>\n<td width=\"147\"><strong>\u00a0<\/strong><\/p>\n<p><strong>\u00a0<\/strong><\/p>\n<p><strong>BA\u015eVURUDA G\u00d6STER\u0130LECEK B\u0130LG\u0130<\/strong><\/td>\n<\/tr>\n<tr>\n<td width=\"132\">&nbsp;<\/p>\n<p><strong>\u00a0<\/strong><\/p>\n<p><strong>1.Yaz\u0131l\u0131 Olarak Ba\u015fvuru<\/strong><\/td>\n<td width=\"142\">&nbsp;<\/p>\n<p>Islak imzal\u0131 \u015fahsen ba\u015fvuru veya Noter vas\u0131tas\u0131yla<\/td>\n<td width=\"250\">&nbsp;<\/p>\n<p>&nbsp;<\/p>\n<p>&nbsp;<\/td>\n<td width=\"147\">Zarf\u0131n\/tebligat\u0131n \u00fczerine \u201cKi\u015fisel Verilerin Korunmas\u0131 Kanunu Kapsam\u0131nda Bilgi Talebi\u201d yaz\u0131lacakt\u0131r.<\/td>\n<\/tr>\n<tr>\n<td width=\"132\"><strong>\u00a0<\/strong><\/p>\n<p><strong>2.Kay\u0131tl\u0131 Elektronik Posta (KEP) Yoluyla Ba\u015fvuru<\/strong><\/td>\n<td width=\"142\">&nbsp;<\/p>\n<p>Kay\u0131tl\u0131 Elektronik Posta (KEP) adresi kullan\u0131lmak sureti ile<\/td>\n<td width=\"250\">&nbsp;<\/p>\n<p>&nbsp;<\/p>\n<p>&nbsp;<\/td>\n<td width=\"147\">Elektronik postan\u0131n konu k\u0131sm\u0131na \u201cKi\u015fisel Verilerin Korunmas\u0131 Kanunu Kapsam\u0131nda Bilgi Talebi\u201d yaz\u0131lacakt\u0131r.<\/td>\n<\/tr>\n<tr>\n<td width=\"132\"><strong>\u00a0<\/strong><\/p>\n<p><strong>\u00a0<\/strong><\/p>\n<p><strong>3.Sistemde Bulunan Elektronik Posta Adresi ile Ba\u015fvuru<\/strong><\/td>\n<td width=\"142\">&nbsp;<\/p>\n<p>&nbsp;<\/p>\n<p>\u015eirket sisteminde kay\u0131tl\u0131 bulunan elektronik posta adresi kullan\u0131lmak sureti ile<\/td>\n<td width=\"250\">&nbsp;<\/p>\n<p>&nbsp;<\/p>\n<p>&nbsp;<\/p>\n<p>&nbsp;<\/p>\n<p>&nbsp;<\/td>\n<td width=\"147\">Elektronik postan\u0131n konu k\u0131sm\u0131na \u201cKi\u015fisel Verilerin Korunmas\u0131 Kanunu Kapsam\u0131nda Bilgi Talebi\u201d yaz\u0131lacakt\u0131r.<\/td>\n<\/tr>\n<tr>\n<td width=\"132\"><strong>\u00a0<\/strong><\/p>\n<p><strong>4.Sistemde Bulunmayan Elektronik Posta Adresi ile Ba\u015fvuru <\/strong><\/td>\n<td width=\"142\">&nbsp;<\/p>\n<p>Mobil imza\/e-imza i\u00e7erecek \u015fekilde \u015eirket sisteminde bulunmayan elektronik posta adresi kullan\u0131lmak sureti ile<\/td>\n<td width=\"250\">&nbsp;<\/p>\n<p>&nbsp;<\/p>\n<p>&nbsp;<\/p>\n<p>&nbsp;<\/p>\n<p>&nbsp;<\/td>\n<td width=\"147\">Elektronik postan\u0131n konu k\u0131sm\u0131na \u201cKi\u015fisel Verilerin Korunmas\u0131 Kanunu Kapsam\u0131nda Bilgi Talebi\u201d yaz\u0131lacakt\u0131r.<\/td>\n<\/tr>\n<\/tbody>\n<\/table>\n<p>&nbsp;<\/p>\n<p>Taraf\u0131m\u0131za iletilmi\u015f olan ba\u015fvurular\u0131n\u0131z Kanun\u2019un 13\u2019\u00fcnc\u00fc maddesinin 2\u2019nci f\u0131kras\u0131 gere\u011fince, talebin niteli\u011fine g\u00f6re talebinizin bizlere ula\u015ft\u0131\u011f\u0131 tarihten itibaren otuz g\u00fcn i\u00e7inde yan\u0131tland\u0131r\u0131lacakt\u0131r. Yan\u0131tlar\u0131m\u0131z ilgili Kanun\u2019un 13\u2019\u00fcnc\u00fc maddesi h\u00fckm\u00fc gere\u011fince yaz\u0131l\u0131 veya elektronik ortamdan taraf\u0131n\u0131za ula\u015ft\u0131r\u0131lacakt\u0131r.<\/p>\n<p>&nbsp;<\/p>\n<ol start=\"2\">\n<li><strong>Kimlik ve \u0130leti\u015fim Bilgileriniz<\/strong><\/li>\n<\/ol>\n<p>&nbsp;<\/p>\n<p>L\u00fctfen sizinle ileti\u015fime ge\u00e7ebilmemiz ve kimli\u011finizi do\u011frulayabilmemiz ad\u0131na a\u015fa\u011f\u0131daki alanlar\u0131 doldurunuz.<\/p>\n<p>&nbsp;<\/p>\n<table width=\"0\">\n<tbody>\n<tr>\n<td width=\"206\">&nbsp;<\/p>\n<p>Ad-Soyad<\/td>\n<td width=\"19\">&nbsp;<\/p>\n<p>:<\/td>\n<td width=\"384\">&nbsp;<\/td>\n<\/tr>\n<tr>\n<td width=\"206\">&nbsp;<\/p>\n<p>T.C. Kimlik Numaras\u0131 \/ Di\u011fer \u00dclke Vatanda\u015flar\u0131 i\u00e7in Pasaport Numaras\u0131 veya Kimlik Numaras\u0131<\/td>\n<td width=\"19\">&nbsp;<\/p>\n<p>&nbsp;<\/p>\n<p>:<\/td>\n<td width=\"384\">&nbsp;<\/td>\n<\/tr>\n<tr>\n<td width=\"206\">&nbsp;<\/p>\n<p>Tebligata Esas Yerle\u015fim Yeri Adresi \/ \u0130\u015f Yeri Adresi<\/td>\n<td width=\"19\">&nbsp;<\/p>\n<p>&nbsp;<\/p>\n<p>:<\/td>\n<td width=\"384\">&nbsp;<\/td>\n<\/tr>\n<tr>\n<td width=\"206\">&nbsp;<\/p>\n<p>Cep Telefonu<\/td>\n<td width=\"19\">&nbsp;<\/p>\n<p>:<\/td>\n<td width=\"384\">&nbsp;<\/td>\n<\/tr>\n<tr>\n<td width=\"206\">&nbsp;<\/p>\n<p>Telefon Numaras\u0131<\/td>\n<td width=\"19\">&nbsp;<\/p>\n<p>:<\/td>\n<td width=\"384\">&nbsp;<\/td>\n<\/tr>\n<tr>\n<td width=\"206\">&nbsp;<\/p>\n<p>Faks Numaras\u0131<\/td>\n<td width=\"19\">&nbsp;<\/p>\n<p>:<\/td>\n<td width=\"384\">&nbsp;<\/td>\n<\/tr>\n<tr>\n<td width=\"206\">&nbsp;<\/p>\n<p>E-posta Adresi<\/td>\n<td width=\"19\">&nbsp;<\/p>\n<p>:<\/td>\n<td width=\"384\">&nbsp;<\/td>\n<\/tr>\n<\/tbody>\n<\/table>\n<p>&nbsp;<\/p>\n<ol start=\"3\">\n<li><strong>L\u00fctfen \u015eirket ile olan ili\u015fkinizi belirtiniz. <\/strong><em>(M\u00fc\u015fteri, i\u015f orta\u011f\u0131, \u00e7al\u0131\u015fan aday\u0131, eski \u00e7al\u0131\u015fan, \u00fc\u00e7\u00fcnc\u00fc<\/em> <em>taraf firma \u00e7al\u0131\u015fan\u0131, hissedar gibi)<\/em><\/li>\n<\/ol>\n<p>&nbsp;<\/p>\n<table>\n<tbody>\n<tr>\n<td width=\"302\">&nbsp;<\/p>\n<p>\u2610 M\u00fc\u015fteri<\/p>\n<p>&nbsp;<\/p>\n<p>\u2610 Ziyaret\u00e7i<\/td>\n<td width=\"302\">&nbsp;<\/p>\n<p>\u2610 \u0130\u015f Orta\u011f\u0131<\/p>\n<p>&nbsp;<\/p>\n<p>\u2610 Di\u011fer &#8230;&#8230;&#8230;&#8230;&#8230;&#8230;&#8230;&#8230;&#8230;&#8230;&#8230;&#8230;&#8230;&#8230;&#8230;&#8230;&#8230;&#8230;&#8230;&#8230;&#8230;<\/td>\n<\/tr>\n<tr>\n<td colspan=\"2\" width=\"604\">&nbsp;<\/p>\n<p><em>\u015eirket i\u00e7erisinde ileti\u015fim halinde oldu\u011funuz;<\/em><\/p>\n<p>&nbsp;<\/p>\n<p>Birim\u00a0\u00a0 :<\/p>\n<p>Konu\u00a0 \u00a0:<\/td>\n<\/tr>\n<\/tbody>\n<\/table>\n<table>\n<tbody>\n<tr>\n<td width=\"326\">&nbsp;<\/p>\n<p>\u2610 Eski \u00c7al\u0131\u015fan\u0131m<\/p>\n<p>&nbsp;<\/p>\n<p>\u00c7al\u0131\u015ft\u0131\u011f\u0131m Y\u0131llar: &#8230;&#8230;&#8230;&#8230;&#8230;&#8230;&#8230;&#8230;&#8230;&#8230;&#8230;&#8230;&#8230;&#8230;&#8230;&#8230;..<\/p>\n<p>&nbsp;<\/p>\n<p>\u2610 Di\u011fer<\/p>\n<p>&nbsp;<\/p>\n<p>&#8230;&#8230;&#8230;&#8230;&#8230;&#8230;&#8230;&#8230;&#8230;&#8230;&#8230;&#8230;&#8230;&#8230;&#8230;&#8230;&#8230;&#8230;&#8230;&#8230;&#8230;&#8230;&#8230;&#8230;&#8230;&#8230;<\/p>\n<p>&#8230;&#8230;&#8230;&#8230;&#8230;&#8230;&#8230;&#8230;&#8230;&#8230;&#8230;&#8230;&#8230;&#8230;&#8230;&#8230;&#8230;&#8230;&#8230;&#8230;&#8230;&#8230;&#8230;&#8230;&#8230;&#8230;<\/p>\n<p>&#8230;&#8230;&#8230;&#8230;&#8230;&#8230;&#8230;&#8230;&#8230;&#8230;&#8230;&#8230;&#8230;&#8230;&#8230;&#8230;&#8230;&#8230;&#8230;&#8230;&#8230;&#8230;&#8230;&#8230;&#8230;&#8230;<\/td>\n<td width=\"322\">&nbsp;<\/p>\n<p>\u2610 \u0130\u015f Ba\u015fvurusu\/\u00d6zge\u00e7mi\u015f Payla\u015f\u0131m\u0131 yapt\u0131m<\/p>\n<p>&nbsp;<\/p>\n<p>Tarih: &#8230;&#8230;&#8230;&#8230;&#8230;&#8230;&#8230;&#8230;&#8230;&#8230;&#8230;&#8230;&#8230;&#8230;&#8230;&#8230;&#8230;&#8230;&#8230;&#8230;&#8230;&#8230;.<\/p>\n<p>&nbsp;<\/p>\n<p>\u2610 \u00dc\u00e7\u00fcnc\u00fc Ki\u015fi Firma \u00c7al\u0131\u015fan\u0131y\u0131m<\/p>\n<p><em>L\u00fctfen \u00e7al\u0131\u015ft\u0131\u011f\u0131n\u0131z firma ve pozisyon bilgilerini belirtiniz<\/em><\/p>\n<p>&#8230;&#8230;&#8230;&#8230;&#8230;&#8230;&#8230;&#8230;&#8230;&#8230;&#8230;&#8230;&#8230;&#8230;&#8230;&#8230;&#8230;&#8230;&#8230;&#8230;&#8230;&#8230;&#8230;&#8230;&#8230;..<\/p>\n<p>&#8230;&#8230;&#8230;&#8230;&#8230;&#8230;&#8230;&#8230;&#8230;&#8230;&#8230;&#8230;&#8230;&#8230;&#8230;&#8230;&#8230;&#8230;&#8230;&#8230;&#8230;&#8230;&#8230;&#8230;&#8230;..<\/td>\n<\/tr>\n<\/tbody>\n<\/table>\n<p><strong>\u00a0<\/strong><\/p>\n<table>\n<tbody>\n<tr>\n<td width=\"26\"><strong>\u00a0<\/strong><\/td>\n<td width=\"576\">\u015eirketin hakk\u0131mda ki\u015fisel veri i\u015fleyip i\u015flemedi\u011fini \u00f6\u011frenmek istiyorum<\/td>\n<\/tr>\n<tr>\n<td width=\"26\"><strong>\u00a0<\/strong><\/td>\n<td width=\"576\">E\u011fer \u015eirket hakk\u0131mda ki\u015fisel veri i\u015fliyorsa, bu veri i\u015fleme faaliyetleri hakk\u0131nda bilgi talep ediyorum.<\/td>\n<\/tr>\n<tr>\n<td width=\"26\"><strong>\u00a0<\/strong><\/td>\n<td width=\"576\">E\u011fer \u015eirket hakk\u0131mda ki\u015fisel veri i\u015fliyorsa, bunlar\u0131n i\u015flenme amac\u0131n\u0131 ve i\u015flenme amac\u0131na uygun kullan\u0131l\u0131p kullanmad\u0131\u011f\u0131n\u0131 \u00f6\u011frenmek istiyorum.<\/td>\n<\/tr>\n<tr>\n<td width=\"26\"><strong>\u00a0<\/strong><\/td>\n<td width=\"576\">E\u011fer ki\u015fisel verilerim yurti\u00e7inde veya yurtd\u0131\u015f\u0131nda \u00fc\u00e7\u00fcnc\u00fc ki\u015filere aktar\u0131l\u0131yorsa bu \u00fc\u00e7\u00fcnc\u00fc ki\u015fileri bilmek istiyorum.<\/td>\n<\/tr>\n<tr>\n<td width=\"26\"><strong>\u00a0<\/strong><\/td>\n<td width=\"576\">Ki\u015fisel verilerimin eksik veya yanl\u0131\u015f i\u015flendi\u011fi d\u00fc\u015f\u00fcn\u00fcyorum ve bunlar\u0131n d\u00fczeltilmesini istiyorum.<\/p>\n<p>Talep edilen bu madde i\u00e7in; yanl\u0131\u015f veya eksik oldu\u011funu d\u00fc\u015f\u00fcnd\u00fc\u011f\u00fcn\u00fcz ve d\u00fczeltilmesini istedi\u011finiz bilgi\/belge ve ki\u015fisel verilerinizin do\u011fru ve tamamlay\u0131c\u0131 oldu\u011funu g\u00f6steren bilgi \/belge ek olarak taraf\u0131m\u0131za iletilmelidir.<\/td>\n<\/tr>\n<tr>\n<td width=\"26\"><strong>\u00a0<\/strong><\/td>\n<td width=\"576\">Ki\u015fisel verilerimin i\u015flenme sebeplerinin ortadan kalkt\u0131\u011f\u0131n\u0131 d\u00fc\u015f\u00fcnerek bu verilerimin se\u00e7ilecek uygun bir y\u00f6ntem ile (Silme, Yok etme, Anonim hale getirilmesi) imhas\u0131n\u0131 talep ediyorum.<\/td>\n<\/tr>\n<tr>\n<td width=\"26\"><strong>\u00a0<\/strong><\/td>\n<td width=\"576\">Eksik ve yanl\u0131\u015f i\u015flendi\u011fini d\u00fc\u015f\u00fcnd\u00fc\u011f\u00fcm ki\u015fisel verilerimin aktar\u0131ld\u0131\u011f\u0131 \u00fc\u00e7\u00fcnc\u00fc ki\u015filer nezdinde de d\u00fczeltilmesini istiyorum.<\/p>\n<p>Talep edilen bu madde i\u00e7in; yanl\u0131\u015f veya eksik oldu\u011funu d\u00fc\u015f\u00fcnd\u00fc\u011f\u00fcn\u00fcz ve d\u00fczeltilmesini istedi\u011finiz bilgi\/belge ve ki\u015fisel verilerinizin do\u011fru ve tamamlay\u0131c\u0131 oldu\u011funu g\u00f6steren bilgi \/belge ek olarak taraf\u0131m\u0131za iletilmelidir.<\/td>\n<\/tr>\n<tr>\n<td width=\"26\"><strong>\u00a0<\/strong><\/td>\n<td width=\"576\">Silinmesini talep etti\u011fim ki\u015fisel verilerimin aktar\u0131lan \u00fc\u00e7\u00fcnc\u00fc ki\u015filer nezdinde de silinmesini istiyorum.<\/td>\n<\/tr>\n<tr>\n<td width=\"26\"><strong>\u00a0<\/strong><\/td>\n<td width=\"576\">\u015eirket taraf\u0131ndan i\u015flenen ki\u015fisel verilerim m\u00fcnhas\u0131ran otomatik sistemler vas\u0131tas\u0131yla analiz edildi\u011fini ve bu analiz neticesinde \u015fahs\u0131m aleyhine bir sonu\u00e7 do\u011fdu\u011funu d\u00fc\u015f\u00fcn\u00fcyorum. Bu sonuca itiraz ediyorum.<\/td>\n<\/tr>\n<\/tbody>\n<\/table>\n<p><strong>\u00a0<\/strong><\/p>\n<ol start=\"4\">\n<li><strong>L\u00fctfen Kanun kapsam\u0131ndaki talebinizi ve talebe konu olan ki\u015fisel verileri detayl\u0131 olarak belirtiniz.<\/strong><\/li>\n<\/ol>\n<p>\u2026\u2026\u2026\u2026\u2026\u2026\u2026\u2026\u2026\u2026\u2026\u2026\u2026\u2026\u2026\u2026\u2026\u2026\u2026\u2026\u2026\u2026\u2026\u2026\u2026\u2026\u2026\u2026\u2026\u2026\u2026\u2026\u2026\u2026\u2026\u2026\u2026\u2026\u2026\u2026\u2026\u2026\u2026\u2026\u2026\u2026\u2026\u2026\u2026\u2026\u2026\u2026\u2026\u2026\u2026\u2026\u2026\u2026\u2026\u2026\u2026\u2026\u2026\u2026\u2026\u2026\u2026\u2026\u2026\u2026\u2026\u2026\u2026\u2026\u2026\u2026\u2026\u2026\u2026\u2026\u2026\u2026\u2026\u2026\u2026\u2026\u2026\u2026\u2026\u2026\u2026\u2026\u2026\u2026\u2026\u2026\u2026\u2026\u2026\u2026\u2026\u2026\u2026\u2026\u2026\u2026\u2026\u2026<\/p>\n<ol start=\"5\">\n<li><strong>Ekler<\/strong><\/li>\n<\/ol>\n<p><strong>L\u00fctfen ba\u015fvurunuza dayanak g\u00f6stermek istedi\u011finiz belge varsa a\u015fa\u011f\u0131da belirtiniz ve ilgili belgeleri bu forma ekleyiniz.<\/strong><\/p>\n<p><strong>\u2026\u2026\u2026\u2026\u2026\u2026\u2026..\u2026\u2026\u2026\u2026\u2026.\u2026\u2026\u2026\u2026\u2026\u2026\u2026\u2026\u2026\u2026\u2026\u2026.\u2026\u2026\u2026\u2026\u2026\u2026\u2026\u2026\u2026\u2026\u2026\u2026.\u2026\u2026\u2026\u2026\u2026\u2026\u2026\u2026\u2026\u2026\u2026\u2026\u2026\u2026\u2026\u2026\u2026\u2026\u2026\u2026\u2026\u2026\u2026\u2026\u2026\u2026\u2026\u2026\u2026\u2026\u2026\u2026\u2026\u2026\u2026\u2026\u2026\u2026\u2026\u2026\u2026\u2026\u2026\u2026\u2026\u2026\u2026\u2026\u2026\u2026\u2026\u2026\u2026\u2026\u2026\u2026\u2026\u2026\u2026\u2026\u2026\u2026\u2026\u2026\u2026\u2026\u2026\u2026<\/strong><\/p>\n<ol start=\"6\">\n<li><strong>L\u00fctfen ba\u015fvurunuza verece\u011fimiz yan\u0131t\u0131n taraf\u0131n\u0131za bildirilme y\u00f6ntemini se\u00e7iniz.<\/strong><\/li>\n<\/ol>\n<p>\u2610 Adresime g\u00f6nderilmesini istiyorum.<\/p>\n<p>\u2610 Elektronik Posta adresime g\u00f6nderilmesini istiyorum.<\/p>\n<p><em>(E-posta y\u00f6ntemini se\u00e7meniz h\u00e2linde size daha h\u0131zl\u0131 yan\u0131t verebilece\u011fiz.)<\/em><\/p>\n<p>\u2610 Elden teslim almak istiyorum.<\/p>\n<p><em>(Vek\u00e2leten teslim al\u0131nmas\u0131 durumunda noter tasdikli vek\u00e2letname veya yetki belgesi olmas\u0131 gerekmektedir.)<\/em><\/p>\n<p><em>\u00a0<\/em><\/p>\n<p>\u0130\u015fbu ba\u015fvuru formu, \u015eirket ile olan ili\u015fkinizi tespit ederek, varsa, \u015eirket taraf\u0131ndan i\u015flenen ki\u015fisel verilerinizi eksiksiz olarak belirleyerek, ilgili ba\u015fvurunuza do\u011fru ve kanuni s\u00fcresinde cevap verilebilmesi i\u00e7in tanzim edilmi\u015ftir. Hukuka ayk\u0131r\u0131 ve haks\u0131z bir \u015fekilde veri payla\u015f\u0131m\u0131ndan kaynaklanabilecek hukuki risklerin bertaraf edilmesi ve \u00f6zellikle ki\u015fisel verilerinizin g\u00fcvenli\u011finin sa\u011flanmas\u0131 amac\u0131yla, kimlik ve yetki tespiti i\u00e7in \u015eirket ek evrak ve malumat (N\u00fcfus c\u00fczdan\u0131 veya s\u00fcr\u00fcc\u00fc belgesi sureti vb.) talep etme hakk\u0131n\u0131 sakl\u0131 tutar. Form kapsam\u0131nda iletmekte oldu\u011funuz taleplerinize ili\u015fkin bilgilerin do\u011fru ve g\u00fcncel olmamas\u0131 ya da yetkisiz bir ba\u015fvuru yap\u0131lmas\u0131 halinde \u015eirket, s\u00f6z konusu yanl\u0131\u015f bilgi ya da yetkisiz ba\u015fvuru kaynakl\u0131 taleplerden dolay\u0131 mesuliyet kabul etmemektedir. Ayr\u0131ca bir maliyet gerektirmesi durumunda ilgili mevzuat kapsam\u0131nda belirlenen tutarlarda \u00fccret talep etme hakk\u0131m\u0131z sakl\u0131d\u0131r.<\/p>\n<p>&nbsp;<\/p>\n<p><strong>Ba\u015fvuru Sahibi (\u0130lgili ki\u015fi) <\/strong><\/p>\n<p><strong>\u00a0<\/strong><\/p>\n<p><strong>Ad\u0131 Soyad\u0131\u00a0\u00a0\u00a0\u00a0\u00a0\u00a0\u00a0\u00a0\u00a0\u00a0\u00a0\u00a0\u00a0\u00a0\u00a0\u00a0 :<\/strong><\/p>\n<p>&nbsp;<\/p>\n<p><strong>Ba\u015fvuru Tarihi\u00a0\u00a0\u00a0\u00a0\u00a0\u00a0\u00a0\u00a0\u00a0\u00a0 :<\/strong><\/p>\n<p>&nbsp;<\/p>\n<p><strong>\u0130mza<\/strong>\u00a0\u00a0\u00a0\u00a0\u00a0\u00a0\u00a0\u00a0\u00a0\u00a0\u00a0\u00a0\u00a0\u00a0\u00a0 \u00a0\u00a0\u00a0\u00a0\u00a0\u00a0\u00a0\u00a0\u00a0\u00a0\u00a0 <strong>:<\/strong><\/p>\n","protected":false},"excerpt":{"rendered":"<p>\u00a0 ES CAN TA\u015eIMACILIK OTO K\u0130RALAMA \u0130N\u015eAAT VE GIDA SANAY\u0130 T\u0130CARET L\u0130M\u0130TED \u015e\u0130RKET\u0130 \u0130LG\u0130L\u0130 K\u0130\u015e\u0130 BA\u015eVURU FORMU Ba\u015fvuru Y\u00f6ntemi 6698 say\u0131l\u0131 Ki\u015fisel Verilerin Korunmas\u0131 Kanunu\u2019nun (\u201cKanun\u201d)<span class=\"excerpt-hellip\"> [\u2026]<\/span><\/p>\n","protected":false},"author":1,"featured_media":0,"parent":0,"menu_order":0,"comment_status":"closed","ping_status":"open","template":"","meta":[],"_links":{"self":[{"href":"https:\/\/escanturizm.com\/index.php\/wp-json\/wp\/v2\/pages\/169"}],"collection":[{"href":"https:\/\/escanturizm.com\/index.php\/wp-json\/wp\/v2\/pages"}],"about":[{"href":"https:\/\/escanturizm.com\/index.php\/wp-json\/wp\/v2\/types\/page"}],"author":[{"embeddable":true,"href":"https:\/\/escanturizm.com\/index.php\/wp-json\/wp\/v2\/users\/1"}],"replies":[{"embeddable":true,"href":"https:\/\/escanturizm.com\/index.php\/wp-json\/wp\/v2\/comments?post=169"}],"version-history":[{"count":1,"href":"https:\/\/escanturizm.com\/index.php\/wp-json\/wp\/v2\/pages\/169\/revisions"}],"predecessor-version":[{"id":170,"href":"https:\/\/escanturizm.com\/index.php\/wp-json\/wp\/v2\/pages\/169\/revisions\/170"}],"wp:attachment":[{"href":"https:\/\/escanturizm.com\/index.php\/wp-json\/wp\/v2\/media?parent=169"}],"curies":[{"name":"wp","href":"https:\/\/api.w.org\/{rel}","templated":true}]}}