{"id":179,"date":"2021-04-27T17:35:30","date_gmt":"2021-04-27T17:35:30","guid":{"rendered":"https:\/\/escanturizm.com\/?page_id=179"},"modified":"2021-04-27T17:36:46","modified_gmt":"2021-04-27T17:36:46","slug":"sirket-personel-tasimaciligi","status":"publish","type":"page","link":"https:\/\/escanturizm.com\/index.php\/sirket-personel-tasimaciligi\/","title":{"rendered":"\u015e\u0130RKET PERSONEL TA\u015eIMACILI\u011eI"},"content":{"rendered":"<h2 style=\"text-align: center;\"><strong><u>\u015e\u0130RKET PERSONEL TA\u015eIMACILI\u011eI<\/u><\/strong><\/h2>\n<p style=\"line-height: 115%; background: white; margin: 19.5pt 0cm .0001pt 0cm;\"><span style=\"font-size: 15.0pt; line-height: 115%; color: #232323;\">Firmam\u0131z\u0131n ana faaliyet konusu personel ta\u015f\u0131mac\u0131l\u0131\u011f\u0131 olup, 2005 y\u0131l\u0131ndan bu yana elde etti\u011fi bilgi birikimi ve deneyimli uzman kadrosu ile hizmet vermektedir. Bug\u00fcn 5000\u2019i a\u015fk\u0131n ara\u00e7tan olu\u015fan modern filosu, sekt\u00f6r\u00fcn ilerisinde teknolojik alt yap\u0131s\u0131, \u00f6nc\u00fc kalite ve hizmet anlay\u0131\u015f\u0131 ile i\u015f d\u00fcnyas\u0131n\u0131n \u00f6nde gelen temsilcileri taraf\u0131ndan tercih edilmekte ve getirdi\u011fi yeniliklerle sekt\u00f6re y\u00f6n veren firma konumundad\u0131r.<\/span><\/p>\n<p style=\"line-height: 115%; background: white; margin: 19.5pt 0cm .0001pt 0cm;\"><span style=\"font-size: 15.0pt; line-height: 115%; color: #232323;\">\u0130\u015f g\u00fcvenli\u011fi politikam\u0131z gere\u011fi ara\u00e7 ve s\u00fcr\u00fcc\u00fclerimizde olmas\u0131 gereken t\u00fcm belgeler taraf\u0131m\u0131zca dijital ortamda tutulmaktad\u0131r. M\u00fc\u015fterilerimiz diledi\u011finde, s\u00fcr\u00fcc\u00fc ve ara\u00e7 belgelerine ula\u015fabildi\u011fi gibi ayr\u0131ca ara\u00e7lar\u0131n g\u00fcnl\u00fck hareket say\u0131lar\u0131, harita ve t\u00fcm g\u00fczerg\u00e2h detaylar\u0131n\u0131 takip edebilmektedir. M\u00fc\u015fterilerimize sunmu\u015f oldu\u011fumuz bu ayr\u0131cal\u0131k ile bilgiye an\u0131nda ula\u015fabilme ve \u015feffafl\u0131k konusunda ta\u015f\u0131mac\u0131l\u0131k sekt\u00f6r\u00fcnde en g\u00fcvenilir marka olma misyonumuzu yerine getirmekteyiz.<\/span><\/p>\n<div id=\"gtx-trans\" style=\"position: absolute; left: 302px; top: 46px;\">\n<div class=\"gtx-trans-icon\"><\/div>\n<\/div>\n","protected":false},"excerpt":{"rendered":"<p>\u015e\u0130RKET PERSONEL TA\u015eIMACILI\u011eI Firmam\u0131z\u0131n ana faaliyet konusu personel ta\u015f\u0131mac\u0131l\u0131\u011f\u0131 olup, 2005 y\u0131l\u0131ndan bu yana elde etti\u011fi bilgi birikimi ve deneyimli uzman kadrosu ile hizmet vermektedir. Bug\u00fcn<span class=\"excerpt-hellip\"> [\u2026]<\/span><\/p>\n","protected":false},"author":1,"featured_media":0,"parent":0,"menu_order":0,"comment_status":"closed","ping_status":"open","template":"","meta":[],"_links":{"self":[{"href":"https:\/\/escanturizm.com\/index.php\/wp-json\/wp\/v2\/pages\/179"}],"collection":[{"href":"https:\/\/escanturizm.com\/index.php\/wp-json\/wp\/v2\/pages"}],"about":[{"href":"https:\/\/escanturizm.com\/index.php\/wp-json\/wp\/v2\/types\/page"}],"author":[{"embeddable":true,"href":"https:\/\/escanturizm.com\/index.php\/wp-json\/wp\/v2\/users\/1"}],"replies":[{"embeddable":true,"href":"https:\/\/escanturizm.com\/index.php\/wp-json\/wp\/v2\/comments?post=179"}],"version-history":[{"count":3,"href":"https:\/\/escanturizm.com\/index.php\/wp-json\/wp\/v2\/pages\/179\/revisions"}],"predecessor-version":[{"id":182,"href":"https:\/\/escanturizm.com\/index.php\/wp-json\/wp\/v2\/pages\/179\/revisions\/182"}],"wp:attachment":[{"href":"https:\/\/escanturizm.com\/index.php\/wp-json\/wp\/v2\/media?parent=179"}],"curies":[{"name":"wp","href":"https:\/\/api.w.org\/{rel}","templated":true}]}}