{"id":183,"date":"2021-04-27T17:40:43","date_gmt":"2021-04-27T17:40:43","guid":{"rendered":"https:\/\/escanturizm.com\/?page_id=183"},"modified":"2021-04-27T17:40:43","modified_gmt":"2021-04-27T17:40:43","slug":"fabrika-personeli-tasimaciligi","status":"publish","type":"page","link":"https:\/\/escanturizm.com\/index.php\/fabrika-personeli-tasimaciligi\/","title":{"rendered":"FABR\u0130KA PERSONEL\u0130 TA\u015eIMACILI\u011eI"},"content":{"rendered":"<h2 style=\"text-align: center;\"><strong><u>FABR\u0130KA PERSONEL\u0130 TA\u015eIMACILI\u011eI<\/u><\/strong><\/h2>\n<p>&nbsp;<\/p>\n<p style=\"line-height: 115%; background: white; margin: 19.5pt 0cm .0001pt 0cm;\"><span style=\"font-size: 15.0pt; line-height: 115%; color: #181818; background: white;\">M\u00fc\u015fteri memnuniyetini \u00f6n planda tutan, hizmet verdi\u011fi alanda en g\u00fcvenilir olmay\u0131 ilke edinen Escan Turizm fabrika personeli ta\u015f\u0131mac\u0131l\u0131\u011f\u0131n\u0131 d\u00fczenli, disiplinli, dakik ve fabrika servis ara\u00e7lar\u0131 hizmet y\u00f6netmeli\u011fine uygun bir \u015fekilde yaparak personel ta\u015f\u0131mac\u0131l\u0131\u011f\u0131 sekt\u00f6r\u00fcnde aran\u0131lan bir marka olmay\u0131 birinci hedef se\u00e7mi\u015ftir.<\/span><\/p>\n<p>&nbsp;<\/p>\n<p>&nbsp;<\/p>\n<p>&nbsp;<\/p>\n","protected":false},"excerpt":{"rendered":"<p>FABR\u0130KA PERSONEL\u0130 TA\u015eIMACILI\u011eI &nbsp; M\u00fc\u015fteri memnuniyetini \u00f6n planda tutan, hizmet verdi\u011fi alanda en g\u00fcvenilir olmay\u0131 ilke edinen Escan Turizm fabrika personeli ta\u015f\u0131mac\u0131l\u0131\u011f\u0131n\u0131 d\u00fczenli, disiplinli, dakik ve<span class=\"excerpt-hellip\"> [\u2026]<\/span><\/p>\n","protected":false},"author":1,"featured_media":0,"parent":0,"menu_order":0,"comment_status":"closed","ping_status":"open","template":"","meta":[],"_links":{"self":[{"href":"https:\/\/escanturizm.com\/index.php\/wp-json\/wp\/v2\/pages\/183"}],"collection":[{"href":"https:\/\/escanturizm.com\/index.php\/wp-json\/wp\/v2\/pages"}],"about":[{"href":"https:\/\/escanturizm.com\/index.php\/wp-json\/wp\/v2\/types\/page"}],"author":[{"embeddable":true,"href":"https:\/\/escanturizm.com\/index.php\/wp-json\/wp\/v2\/users\/1"}],"replies":[{"embeddable":true,"href":"https:\/\/escanturizm.com\/index.php\/wp-json\/wp\/v2\/comments?post=183"}],"version-history":[{"count":1,"href":"https:\/\/escanturizm.com\/index.php\/wp-json\/wp\/v2\/pages\/183\/revisions"}],"predecessor-version":[{"id":184,"href":"https:\/\/escanturizm.com\/index.php\/wp-json\/wp\/v2\/pages\/183\/revisions\/184"}],"wp:attachment":[{"href":"https:\/\/escanturizm.com\/index.php\/wp-json\/wp\/v2\/media?parent=183"}],"curies":[{"name":"wp","href":"https:\/\/api.w.org\/{rel}","templated":true}]}}