{"id":188,"date":"2021-04-27T17:48:19","date_gmt":"2021-04-27T17:48:19","guid":{"rendered":"https:\/\/escanturizm.com\/?page_id=188"},"modified":"2021-04-27T17:48:50","modified_gmt":"2021-04-27T17:48:50","slug":"organizasyonlara-arac-kiralama","status":"publish","type":"page","link":"https:\/\/escanturizm.com\/index.php\/organizasyonlara-arac-kiralama\/","title":{"rendered":"ORGAN\u0130ZASYONLARA ARA\u00c7 K\u0130RALAMA"},"content":{"rendered":"<h2 style=\"text-align: center;\"><strong><u>ORGAN\u0130ZASYONLARA ARA\u00c7 K\u0130RALAMA<\/u><\/strong><\/h2>\n<p>&nbsp;<\/p>\n<p>&nbsp;<\/p>\n<p><strong>T\u00fcm organizasyonlar\u0131n\u0131zda ihtiya\u00e7lar\u0131n\u0131z do\u011frultusunda iyi bir planlama ile donan\u0131ml\u0131 ara\u00e7lar\u0131m\u0131z hizmetinizde.<\/strong><\/p>\n<p><strong>Siz yaln\u0131zca \u00f6zel g\u00fcnlerinizin keyfini \u00e7\u0131kar\u0131n. Escan Turizm, konforlu ve g\u00fcvenli ara\u00e7lar\u0131 ile her zaman yan\u0131n\u0131zda.<\/strong><\/p>\n<p>&nbsp;<\/p>\n<p>&nbsp;<\/p>\n<p>&nbsp;<\/p>\n","protected":false},"excerpt":{"rendered":"<p>ORGAN\u0130ZASYONLARA ARA\u00c7 K\u0130RALAMA &nbsp; &nbsp; T\u00fcm organizasyonlar\u0131n\u0131zda ihtiya\u00e7lar\u0131n\u0131z do\u011frultusunda iyi bir planlama ile donan\u0131ml\u0131 ara\u00e7lar\u0131m\u0131z hizmetinizde. Siz yaln\u0131zca \u00f6zel g\u00fcnlerinizin keyfini \u00e7\u0131kar\u0131n. Escan Turizm, konforlu ve<span class=\"excerpt-hellip\"> [\u2026]<\/span><\/p>\n","protected":false},"author":1,"featured_media":0,"parent":0,"menu_order":0,"comment_status":"closed","ping_status":"open","template":"","meta":[],"_links":{"self":[{"href":"https:\/\/escanturizm.com\/index.php\/wp-json\/wp\/v2\/pages\/188"}],"collection":[{"href":"https:\/\/escanturizm.com\/index.php\/wp-json\/wp\/v2\/pages"}],"about":[{"href":"https:\/\/escanturizm.com\/index.php\/wp-json\/wp\/v2\/types\/page"}],"author":[{"embeddable":true,"href":"https:\/\/escanturizm.com\/index.php\/wp-json\/wp\/v2\/users\/1"}],"replies":[{"embeddable":true,"href":"https:\/\/escanturizm.com\/index.php\/wp-json\/wp\/v2\/comments?post=188"}],"version-history":[{"count":2,"href":"https:\/\/escanturizm.com\/index.php\/wp-json\/wp\/v2\/pages\/188\/revisions"}],"predecessor-version":[{"id":190,"href":"https:\/\/escanturizm.com\/index.php\/wp-json\/wp\/v2\/pages\/188\/revisions\/190"}],"wp:attachment":[{"href":"https:\/\/escanturizm.com\/index.php\/wp-json\/wp\/v2\/media?parent=188"}],"curies":[{"name":"wp","href":"https:\/\/api.w.org\/{rel}","templated":true}]}}