{"id":193,"date":"2021-04-27T17:54:15","date_gmt":"2021-04-27T17:54:15","guid":{"rendered":"https:\/\/escanturizm.com\/?page_id=193"},"modified":"2021-04-27T18:06:34","modified_gmt":"2021-04-27T18:06:34","slug":"avm-ve-zincir-market-personel-tasimaciligi","status":"publish","type":"page","link":"https:\/\/escanturizm.com\/index.php\/avm-ve-zincir-market-personel-tasimaciligi\/","title":{"rendered":"AVM VE Z\u0130NC\u0130R MARKET PERSONEL TA\u015eIMACILI\u011eI"},"content":{"rendered":"<h2 style=\"text-align: center;\"><strong><u>AVM VE Z\u0130NC\u0130R MARKET PERSONEL TA\u015eIMACILI\u011eI<\/u><\/strong><\/h2>\n<p>&nbsp;<\/p>\n<h6><strong>G\u00fcler y\u00fczl\u00fc ve mesle\u011finde tecr\u00fcbeli s\u00fcr\u00fcc\u00fclerimiz, son model ara\u00e7lar\u0131m\u0131z ile personellerin g\u00fcvenli bir \u015fekilde ula\u015f\u0131m\u0131n\u0131 sa\u011flamaktad\u0131r.<\/strong><\/h6>\n<p>&nbsp;<\/p>\n<p>&nbsp;<\/p>\n<p>&nbsp;<\/p>\n<p>&nbsp;<\/p>\n","protected":false},"excerpt":{"rendered":"<p>AVM VE Z\u0130NC\u0130R MARKET PERSONEL TA\u015eIMACILI\u011eI &nbsp; G\u00fcler y\u00fczl\u00fc ve mesle\u011finde tecr\u00fcbeli s\u00fcr\u00fcc\u00fclerimiz, son model ara\u00e7lar\u0131m\u0131z ile personellerin g\u00fcvenli bir \u015fekilde ula\u015f\u0131m\u0131n\u0131 sa\u011flamaktad\u0131r. &nbsp; &nbsp; &nbsp;<span class=\"excerpt-hellip\"> [\u2026]<\/span><\/p>\n","protected":false},"author":1,"featured_media":0,"parent":0,"menu_order":0,"comment_status":"closed","ping_status":"open","template":"","meta":[],"_links":{"self":[{"href":"https:\/\/escanturizm.com\/index.php\/wp-json\/wp\/v2\/pages\/193"}],"collection":[{"href":"https:\/\/escanturizm.com\/index.php\/wp-json\/wp\/v2\/pages"}],"about":[{"href":"https:\/\/escanturizm.com\/index.php\/wp-json\/wp\/v2\/types\/page"}],"author":[{"embeddable":true,"href":"https:\/\/escanturizm.com\/index.php\/wp-json\/wp\/v2\/users\/1"}],"replies":[{"embeddable":true,"href":"https:\/\/escanturizm.com\/index.php\/wp-json\/wp\/v2\/comments?post=193"}],"version-history":[{"count":2,"href":"https:\/\/escanturizm.com\/index.php\/wp-json\/wp\/v2\/pages\/193\/revisions"}],"predecessor-version":[{"id":195,"href":"https:\/\/escanturizm.com\/index.php\/wp-json\/wp\/v2\/pages\/193\/revisions\/195"}],"wp:attachment":[{"href":"https:\/\/escanturizm.com\/index.php\/wp-json\/wp\/v2\/media?parent=193"}],"curies":[{"name":"wp","href":"https:\/\/api.w.org\/{rel}","templated":true}]}}